{"id":1482,"date":"2023-02-07T19:10:19","date_gmt":"2023-02-07T19:10:19","guid":{"rendered":"http:\/\/schlaraffia-oldenburgia.de\/?page_id=1482"},"modified":"2023-02-07T19:19:42","modified_gmt":"2023-02-07T19:19:42","slug":"wo-finden-sie-uns","status":"publish","type":"page","link":"https:\/\/schlaraffia-oldenburgia.de\/?page_id=1482","title":{"rendered":"Wo finden Sie uns ?"},"content":{"rendered":"\t\t<div data-elementor-type=\"wp-page\" data-elementor-id=\"1482\" class=\"elementor elementor-1482\">\n\t\t\t\t\t\t<section class=\"elementor-section elementor-top-section elementor-element elementor-element-e14fe7f elementor-section-boxed elementor-section-height-default elementor-section-height-default\" data-id=\"e14fe7f\" data-element_type=\"section\" data-e-type=\"section\">\n\t\t\t\t\t\t<div class=\"elementor-container elementor-column-gap-default\">\n\t\t\t\t\t<div class=\"elementor-column elementor-col-50 elementor-top-column elementor-element elementor-element-67914a9\" data-id=\"67914a9\" data-element_type=\"column\" data-e-type=\"column\">\n\t\t\t<div class=\"elementor-widget-wrap elementor-element-populated\">\n\t\t\t\t\t\t<div class=\"elementor-element elementor-element-91c1538 elementor-widget elementor-widget-text-editor\" data-id=\"91c1538\" data-element_type=\"widget\" data-e-type=\"widget\" data-widget_type=\"text-editor.default\">\n\t\t\t\t<div class=\"elementor-widget-container\">\n\t\t\t\t\t\t\t\t\t<h2><strong>Wo finden Sie uns ?<\/strong><\/h2><p>Burg Uhlenhorst<br \/>Hauptstra\u00dfe 48<br \/>26122 Oldenburg<br \/>( Neben PC Retter im Hof )<\/p><p>Telefon: 0160 40 63 735<\/p><p>\u00a0<\/p><h2><strong>Wann finden die Sippungen statt ?<\/strong><\/h2><p>Wir sippen um 19 Uhr an jedem Donnerstag zwischen dem 1.Oktober und dem 30. April.<br \/>Es aber ist ratsam mindestens 20 Min vorher da zu sein.<\/p><p>Parkpl\u00e4tze gibt es gen\u00fcgend in der N\u00e4he.<\/p>\t\t\t\t\t\t\t\t<\/div>\n\t\t\t\t<\/div>\n\t\t\t\t\t<\/div>\n\t\t<\/div>\n\t\t\t\t<div class=\"elementor-column elementor-col-50 elementor-top-column elementor-element elementor-element-1765c78\" data-id=\"1765c78\" data-element_type=\"column\" data-e-type=\"column\">\n\t\t\t<div class=\"elementor-widget-wrap elementor-element-populated\">\n\t\t\t\t\t\t<div class=\"elementor-element elementor-element-47ac074 elementor-widget elementor-widget-image\" data-id=\"47ac074\" data-element_type=\"widget\" data-e-type=\"widget\" data-widget_type=\"image.default\">\n\t\t\t\t<div class=\"elementor-widget-container\">\n\t\t\t\t\t\t\t\t\t\t\t\t\t\t\t<img fetchpriority=\"high\" decoding=\"async\" width=\"544\" height=\"483\" src=\"https:\/\/schlaraffia-oldenburgia.de\/wp-content\/uploads\/2023\/02\/Karte-Burg-neu-mit-Pfeil.jpg\" class=\"attachment-large size-large wp-image-1484\" alt=\"\" srcset=\"https:\/\/schlaraffia-oldenburgia.de\/wp-content\/uploads\/2023\/02\/Karte-Burg-neu-mit-Pfeil.jpg 544w, https:\/\/schlaraffia-oldenburgia.de\/wp-content\/uploads\/2023\/02\/Karte-Burg-neu-mit-Pfeil-300x266.jpg 300w\" sizes=\"(max-width: 544px) 100vw, 544px\" \/>\t\t\t\t\t\t\t\t\t\t\t\t\t\t\t<\/div>\n\t\t\t\t<\/div>\n\t\t\t\t\t<\/div>\n\t\t<\/div>\n\t\t\t\t\t<\/div>\n\t\t<\/section>\n\t\t\t\t<section class=\"elementor-section elementor-top-section elementor-element elementor-element-0d951b0 elementor-section-boxed elementor-section-height-default elementor-section-height-default\" data-id=\"0d951b0\" data-element_type=\"section\" data-e-type=\"section\">\n\t\t\t\t\t\t<div class=\"elementor-container elementor-column-gap-default\">\n\t\t\t\t\t<div class=\"elementor-column elementor-col-100 elementor-top-column elementor-element elementor-element-5f91b0d\" data-id=\"5f91b0d\" data-element_type=\"column\" data-e-type=\"column\">\n\t\t\t<div class=\"elementor-widget-wrap elementor-element-populated\">\n\t\t\t\t\t\t<div class=\"elementor-element elementor-element-e44b727 elementor-widget elementor-widget-image\" data-id=\"e44b727\" data-element_type=\"widget\" data-e-type=\"widget\" data-widget_type=\"image.default\">\n\t\t\t\t<div class=\"elementor-widget-container\">\n\t\t\t\t\t\t\t\t\t\t\t\t\t\t\t<img decoding=\"async\" src=\"https:\/\/schlaraffia-oldenburgia.de\/wp-content\/uploads\/2023\/02\/Screenshot-2023-02-07-201708.jpg\" title=\"\" alt=\"\" loading=\"lazy\" \/>\t\t\t\t\t\t\t\t\t\t\t\t\t\t\t<\/div>\n\t\t\t\t<\/div>\n\t\t\t\t\t<\/div>\n\t\t<\/div>\n\t\t\t\t\t<\/div>\n\t\t<\/section>\n\t\t\t\t<\/div>\n\t\t","protected":false},"excerpt":{"rendered":"<p>Wo finden Sie uns ? Burg Uhlenhorst Hauptstra\u00dfe 48 26122 Oldenburg ( Neben PC Retter im Hof ) Telefon: 0160 40 63 735 Wann finden die Sippungen statt ? Wir sippen um 19 Uhr an jedem Donnerstag zwischen dem 1.Oktober und dem 30. April. Es aber ist ratsam mindestens 20 Min vorher da zu sein. [&hellip;]<\/p>\n","protected":false},"author":1,"featured_media":0,"parent":0,"menu_order":0,"comment_status":"closed","ping_status":"closed","template":"","meta":{"footnotes":""},"class_list":["post-1482","page","type-page","status-publish","hentry"],"_links":{"self":[{"href":"https:\/\/schlaraffia-oldenburgia.de\/index.php?rest_route=\/wp\/v2\/pages\/1482","targetHints":{"allow":["GET"]}}],"collection":[{"href":"https:\/\/schlaraffia-oldenburgia.de\/index.php?rest_route=\/wp\/v2\/pages"}],"about":[{"href":"https:\/\/schlaraffia-oldenburgia.de\/index.php?rest_route=\/wp\/v2\/types\/page"}],"author":[{"embeddable":true,"href":"https:\/\/schlaraffia-oldenburgia.de\/index.php?rest_route=\/wp\/v2\/users\/1"}],"replies":[{"embeddable":true,"href":"https:\/\/schlaraffia-oldenburgia.de\/index.php?rest_route=%2Fwp%2Fv2%2Fcomments&post=1482"}],"version-history":[{"count":11,"href":"https:\/\/schlaraffia-oldenburgia.de\/index.php?rest_route=\/wp\/v2\/pages\/1482\/revisions"}],"predecessor-version":[{"id":1498,"href":"https:\/\/schlaraffia-oldenburgia.de\/index.php?rest_route=\/wp\/v2\/pages\/1482\/revisions\/1498"}],"wp:attachment":[{"href":"https:\/\/schlaraffia-oldenburgia.de\/index.php?rest_route=%2Fwp%2Fv2%2Fmedia&parent=1482"}],"curies":[{"name":"wp","href":"https:\/\/api.w.org\/{rel}","templated":true}]}}