{"id":585,"date":"2022-09-22T10:32:38","date_gmt":"2022-09-22T10:32:38","guid":{"rendered":"http:\/\/schlaraffia-oldenburgia.de\/?page_id=585"},"modified":"2023-02-26T14:25:06","modified_gmt":"2023-02-26T14:25:06","slug":"ueber-schlaraffia","status":"publish","type":"page","link":"https:\/\/schlaraffia-oldenburgia.de\/?page_id=585","title":{"rendered":"\u00dcber Schlaraffia"},"content":{"rendered":"\t\t<div data-elementor-type=\"wp-page\" data-elementor-id=\"585\" class=\"elementor elementor-585\">\n\t\t\t\t\t\t<section class=\"elementor-section elementor-top-section elementor-element elementor-element-7a17fa1e elementor-section-boxed elementor-section-height-default elementor-section-height-default\" data-id=\"7a17fa1e\" data-element_type=\"section\" data-e-type=\"section\">\n\t\t\t\t\t\t<div class=\"elementor-container elementor-column-gap-default\">\n\t\t\t\t\t<div class=\"elementor-column elementor-col-100 elementor-top-column elementor-element elementor-element-522ed86\" data-id=\"522ed86\" data-element_type=\"column\" data-e-type=\"column\">\n\t\t\t<div class=\"elementor-widget-wrap elementor-element-populated\">\n\t\t\t\t\t\t<div class=\"elementor-element elementor-element-3a42ba74 elementor-widget elementor-widget-text-editor\" data-id=\"3a42ba74\" data-element_type=\"widget\" data-e-type=\"widget\" data-widget_type=\"text-editor.default\">\n\t\t\t\t<div class=\"elementor-widget-container\">\n\t\t\t\t\t\t\t\t\t<p><\/p>\n<h1><span style=\"color: #000000; font-size: 18pt;\"><strong>Auf dieser Seite k\u00f6nnen Sie sich ausf\u00fchrlich \u00fcber Schlaraffia informieren.<\/strong><\/span><\/h1>\n<p><\/p>\n<p><span style=\"color: #000000;\">Die Schlaraffia Oldenburgia ist ein eingetragener Verein. Hier versammeln sich im Winterhalbjahr in Freundschaft verbundene M\u00e4nner, um an einem Abend in der Woche Kunst und Humor zu pflegen.Schlaraffia\u00ae\u00a0und <a style=\"color: #000000;\" href=\"http:\/\/www.schlaraffia.org\/\" target=\"_blank\" rel=\"noreferrer noopener\">Allschlaraffia<\/a>\u00ae\u00a0sind gesch\u00fctzte Wortmarken und haben weder mit dem Schlaraffenland noch mit der gleichnamigen Matratze etwas zu tun, sondern sind zuf\u00e4llig erdachte Begriffe, die vielleicht eine Spur von Ironie beinhalten.<\/span><\/p>\n<p><span style=\"color: #000000;\"><\/span><\/p>\n<p><span style=\"color: #000000;\">Weltweit gibt es derzeit 263 Reyche mit ca. 9.000 Mitgliedern, die in Landesverb\u00e4nden unter der Leitung des Allschlaraffenrates organisiert sind. Auf allen Zusammenk\u00fcnften wird deutsch gesprochen, wobei man allerdings einige mittelalterlich klingende Worte einstreut: da wird aus Wein Lethe und das Auto zum Stinkross. Man dichtet und musiziert, tr\u00e4gt besondere Umh\u00e4nge und Kopfbedeckungen, die man R\u00fcstung bzw.Helm nennt und die an Ritter erinnern sollen, macht sich lustig und, wenn es zu weit geht, duelliert man sich \u2013 verbal oder musikalisch nat\u00fcrlich. Allerdings sind Themen aus Religion, Politik und Gesch\u00e4ft ausgeschlossen, was gelegentlich umgangen und selbstverst\u00e4ndlich geahndet wird. Das ganze Spiel geht nach strengen Regeln vor sich und wird sorgf\u00e4ltig und ironisch protokolliert.<\/span><\/p>\n<p><span style=\"color: #000000;\"><\/span><\/p>\n<h2><strong><span style=\"color: #000000; font-size: 12pt;\">Entstanden aus einer Prager Tafelrunde von K\u00fcnstlern<\/span><\/strong><\/h2>\n<p><span style=\"color: #000000; font-weight: var( --e-global-typography-text-font-weight ); font-size: 1rem;\">Schlaraffia geht auf eine vorwiegend aus K\u00fcnstlern bestehende Tafelrunde in Prag zur\u00fcck und wurde dort 1859 ins Leben gerufen. Man huldigte den sch\u00f6nen K\u00fcnsten, leerte so manchen Pokal und erfand ein humorvolles Spiel, das viele \u00dcberheblichkeiten des Adels, des Milit\u00e4rs, der Beamten und der Kirche aufs Korn nahm. So heftet man sich beispielsweise heute noch gegenseitig gro\u00dfe Mengen Orden an die R\u00fcstung, was die Fantasieuniform manchen Generals weit in den Schatten stellt. Jeder erh\u00e4lt einen schlaraffischen Namen wie z.B. Ritter Selbst der Lose von Farbenfroh. Dies war eine treffliche Beschreibung eines Mitglieds unseres fr\u00f6hlichen Reyches, der von Beruf Malermeister war. Mit diesen Fantasienamen tauchen die Schlaraffen einmal w\u00f6chentlich in ihre eigene Welt ein, in der Beruf, Stand und Titel keine Rolle mehr spielen sollen.<\/span><\/p>\n<p><span style=\"color: #000000;\"><\/span><\/p>\n<p><span style=\"color: #000000;\">Wir Schlaraffen sind nicht auf Au\u00dfenwirkung bedacht. Wie bei einem Sportverein geht es nur um das Wohl der Mitglieder. Wir bleiben gern unter uns, und es gibt nur wenige Presse- oder Fernsehberichte \u00fcber unser geselliges Treiben. So dient dieser Internetauftritt denn auch vornehmlich zur Information der Mitglieder und stellt eine wesentliche Verbindung zu den Schlaraffen in \u00dcbersee dar. Deshalb sind einige Internetseiten auch nur f\u00fcr Schlaraffen zug\u00e4nglich \u2013 die G\u00e4ste auf dieser Seite m\u00f6gen dies verzeihen. Dennoch ist Schlaraffia keine geheime Loge oder sonstiger Geheimbund. Wir sind f\u00fcr jedermann offen und erteilen bereitwillig Auskunft \u00fcber alles, was Schlaraffia betrifft. Wenn jemand Interesse an unserem Spiel hat, so kann er gerne eine eMail schicken \u2013 wir melden uns umgehend.<\/span><\/p>\n<p><span style=\"color: #000000;\"><\/span><\/p>\n<p><span style=\"color: #000000;\"><b>Gespielt wird nur im Winterhalbjahr<\/b><\/span><\/p>\n<p><span style=\"color: #000000;\">Die\u00a0 Mitglieder (Schlaraffen) der Vereine treffen sich im Winterhalbjahr (Winterung) einmal w\u00f6chentlich in ihrem Vereinslokal, das Burg genannt wird. Der Vereinsabend in der Winterung (Sippung) geht nach strengen Regeln vor sich, die in Satzung (Spiegel) und einer Art Regiebuch (Ceremoniale) festgeschrieben sind. Man ist darauf bedacht, dass die Wochentage der Vereinsabende nahe beieinander liegender Reyche unterschiedlich sind, so dass die Schlaraffen die M\u00f6glichkeit haben, andere Reyche problemlos zu besuchen. Im Sommerhalbjahr (Sommerung) trifft man sich zwanglos zu einem Glas Bier oder Wein (oder Wasser) in der Burg.<\/span><\/p>\n<p><span style=\"color: #000000;\"><\/span><\/p>\n<p><span style=\"color: #000000;\">Die Sippungen haben in der Regel zwei Teile. Im ersten Teil werden u.a. die G\u00e4ste begr\u00fc\u00dft, die Protokolle verlesen und genehmigt, Nachrichten anderer Reyche bekannt gegeben und Ausrittsberichte (man \u201creitet\u201d gern zu anderen Reychen aus) vorgetragen. Daran schlie\u00dft sich eine Schmuspause an, in der kleine Speisen und Getr\u00e4nke angeboten werden. Im zweiten Teil der Sippung, die oft unter einem Thema steht, werden Gedichte und Prosa vorgetragen, es wird musiziert und gesungen.<\/span><\/p>\n<p><span style=\"color: #000000;\"><\/span><\/p>\n<h2><span style=\"color: #000000;\"><b><span style=\"font-size: 12pt;\">Pr\u00fcfling werden und 6 Mal mitspielen ohne Verpflichtung<\/span><\/b><\/span><\/h2>\n<p><span style=\"color: #000000;\">Der Weg in die Schlaraffia ist ein wenig umst\u00e4ndlich und beschwerlich. Eine aufw\u00e4ndige Prozedur soll sicherstellen, dass die Schlaraffen zueinander passen, so dass Kunst, Freundschaft und Humor auch wirklich gepflegt werden k\u00f6nnen. G\u00e4ste werden als Pilger bei den Schlaraffen begr\u00fc\u00dft. Wenn sie an einigen Sippungen teilgenommen haben, in der Regel sind das 6 Veranstaltungen, werden sie gefragt, ob sie an diesem Spiel Freude gefunden haben. Bejahen die dies, so werden sie als Pr\u00fcfling (eine Art \u201cMitglied auf Probe\u201d) aufgenommen. Die Namen der Pr\u00fcflinge werden in Der Schlaraffia Zeyttungen ver\u00f6ffentlicht. H\u00f6rt man weltweit binnen sechs Wochen keinen Widerspruch, so findet eine Abstimmung (Kugelung) unter den Mitgliedern (Sassen) des Vereins statt. F\u00e4llt diese Kugelung positiv aus, was die Regel ist, so werden Pr\u00fcflinge alsKnappen in die Schlaraffia aufgenommen.<\/span><\/p>\n<p><span style=\"color: #000000;\"><\/span><\/p>\n<p><span style=\"color: #000000;\">Die Knappen verlieren ihren profanen Namen und werden jetzt nach ihrer laufenden Mitgliedsnummer genannt.\u00a0 Nach einiger Zeit (in der er u.a. mindestens zehn Sippungen seines Reyches besucht haben muss) und einer Pr\u00fcfung wird der Knappe zum Junker erhoben. Junker, Knappen, Pilger und Pr\u00fcflinge sitzen unter der Aufsicht des Junkermeisters (Anrede: \u201cUnser Gestrenger\u201d) an der Junkertafel, wo sie, ihrem \u201cAlter\u201d entsprechend, oft ein wenig vorlaut und frech das Spiel der Ritter begleiten und kommentieren. Die Zeit an der Junkertafel kann mehrere Jahre dauern und mancher Junker legt es geradezu darauf an, dort zu verweilen. Dann schlie\u00dflich wird der Junker vom Schulrat einer strengen Pr\u00fcfung unterzogen. Stimmt letztendlich die gesamte Ritterschaft daf\u00fcr, dass die Pr\u00fcfung als bestanden gilt, so wird der Junker zum Ritter geschlagen.<\/span><\/p>\n<p><span style=\"color: #000000;\"><\/span><\/p>\n<p><span style=\"color: #000000;\">Geschrieben von:\u00a0Ritter Don Zeppelino<\/span><\/p>\n<p><span style=\"color: #000000;\"><\/span><\/p>\n<hr class=\"wp-block-separator has-alpha-channel-opacity\" \/>\n<p><span style=\"color: #000000;\"><\/span><\/p>\n<p><span style=\"color: #000000;\">Weitere Infos bekommen Sie, wenn Sie das nachfolgenden Link anklicken:<\/span><\/p>\n<p><span style=\"color: #000000;\"><\/span><\/p>\n<p><span style=\"color: #000000;\"><a style=\"color: #000000;\" href=\"http:\/\/www.schlaraffia-im-norden.de\/\" target=\"_blank\" rel=\"noreferrer noopener\">http:\/\/www.schlaraffia-im-norden.de\/<\/a><\/span><\/p>\n<p>\u00a0<\/p>\n<p><\/p>\t\t\t\t\t\t\t\t<\/div>\n\t\t\t\t<\/div>\n\t\t\t\t\t<\/div>\n\t\t<\/div>\n\t\t\t\t\t<\/div>\n\t\t<\/section>\n\t\t\t\t<\/div>\n\t\t","protected":false},"excerpt":{"rendered":"<p>Auf dieser Seite k\u00f6nnen Sie sich ausf\u00fchrlich \u00fcber Schlaraffia informieren. Die Schlaraffia Oldenburgia ist ein eingetragener Verein. Hier versammeln sich im Winterhalbjahr in Freundschaft verbundene M\u00e4nner, um an einem Abend in der Woche Kunst und Humor zu pflegen.Schlaraffia\u00ae\u00a0und Allschlaraffia\u00ae\u00a0sind gesch\u00fctzte Wortmarken und haben weder mit dem Schlaraffenland noch mit der gleichnamigen Matratze etwas zu tun, [&hellip;]<\/p>\n","protected":false},"author":1,"featured_media":0,"parent":0,"menu_order":0,"comment_status":"closed","ping_status":"closed","template":"","meta":{"footnotes":""},"class_list":["post-585","page","type-page","status-publish","hentry"],"_links":{"self":[{"href":"https:\/\/schlaraffia-oldenburgia.de\/index.php?rest_route=\/wp\/v2\/pages\/585","targetHints":{"allow":["GET"]}}],"collection":[{"href":"https:\/\/schlaraffia-oldenburgia.de\/index.php?rest_route=\/wp\/v2\/pages"}],"about":[{"href":"https:\/\/schlaraffia-oldenburgia.de\/index.php?rest_route=\/wp\/v2\/types\/page"}],"author":[{"embeddable":true,"href":"https:\/\/schlaraffia-oldenburgia.de\/index.php?rest_route=\/wp\/v2\/users\/1"}],"replies":[{"embeddable":true,"href":"https:\/\/schlaraffia-oldenburgia.de\/index.php?rest_route=%2Fwp%2Fv2%2Fcomments&post=585"}],"version-history":[{"count":19,"href":"https:\/\/schlaraffia-oldenburgia.de\/index.php?rest_route=\/wp\/v2\/pages\/585\/revisions"}],"predecessor-version":[{"id":1650,"href":"https:\/\/schlaraffia-oldenburgia.de\/index.php?rest_route=\/wp\/v2\/pages\/585\/revisions\/1650"}],"wp:attachment":[{"href":"https:\/\/schlaraffia-oldenburgia.de\/index.php?rest_route=%2Fwp%2Fv2%2Fmedia&parent=585"}],"curies":[{"name":"wp","href":"https:\/\/api.w.org\/{rel}","templated":true}]}}